{"id":32,"date":"2015-04-16T10:16:36","date_gmt":"2015-04-16T08:16:36","guid":{"rendered":"http:\/\/www.marcreibel.com\/?page_id=32"},"modified":"2025-07-27T13:57:10","modified_gmt":"2025-07-27T11:57:10","slug":"diverses","status":"publish","type":"page","link":"https:\/\/www.marcreibel.com\/?page_id=32","title":{"rendered":"Diverses | Konzerte | Symphonisches"},"content":{"rendered":"<p style=\"text-align: center;\"><img loading=\"lazy\" decoding=\"async\" class=\"aligncenter wp-image-97 size-full\" src=\"https:\/\/www.marcreibel.com\/wp-content\/uploads\/2015\/05\/20150325-027-1024x682.jpg\" alt=\"Marc Reibel\" width=\"1350\" height=\"900\" \/><\/p>\n<p><small>Foto \u00a9grox<\/small><\/p>\n<h1><strong>Diverses<\/strong><\/h1>\n<p style=\"padding-left: 30px;\">\n<p style=\"padding-left: 30px;\"><strong>L. v. Beethoven<\/strong><br \/>\nFantasie f\u00fcr Klavier, Orchester und Chor c-Moll op. 80<br \/>\nMusik zu Goethes Trauerspiel &#8222;Egmont&#8220; f\u00fcr Sopran, Sprecher und Orchester op. 84<\/p>\n<p style=\"padding-left: 30px;\"><strong>J. Brahms<\/strong><br \/>\nRhapsodie f\u00fcr eine Altstimme, M\u00e4nnerchor und Orchester op. 53<\/p>\n<p style=\"padding-left: 30px;\"><strong>A. Bruckner<\/strong><br \/>\nMissa solemnis (WAB 29)<\/p>\n<p style=\"padding-left: 30px;\"><strong>J. Haydn<\/strong><br \/>\nTe Deum f\u00fcr die Kaiserin Marie Therese Hob. XXIIIc:2 f\u00fcr gemischten Chor, Orchester und Orgel<\/p>\n<p style=\"padding-left: 30px;\"><strong>C. Orff<\/strong><br \/>\nCarmina Burana<\/p>\n<p style=\"padding-left: 30px;\"><strong>G. Rossini<\/strong><br \/>\nStabat Mater<\/p>\n<p style=\"padding-left: 30px;\"><strong>K. Schwertsik<\/strong><br \/>\nSonnengesang &#8222;Fioretti per San Francesco&#8220; f\u00fcr Sopran und Tenor, gemischten Chor, Orgel und Orchester op. 88<\/p>\n<p style=\"padding-left: 30px;\"><strong>R. Strauss<\/strong><br \/>\nVier letzte Lieder f\u00fcr Sopran und Orchester<\/p>\n<hr \/>\n<h1><strong>Konzerte | Symphonisches<\/strong><\/h1>\n<p style=\"padding-left: 30px;\"><strong><br \/>\nJ. Adams<\/strong><br \/>\nThe Chairman Dances<\/p>\n<p style=\"padding-left: 30px;\"><strong>B. Bart\u00f3k<\/strong><br \/>\nDivertimento f\u00fcr Streichorchester<\/p>\n<p style=\"padding-left: 30px;\"><strong>L. v. Beethoven<\/strong><br \/>\nKlavierkonzert Nr. 2<br \/>\nKlavierkonzert Nr. 4<br \/>\nSinfonie Nr. 1<br \/>\nSinfonie Nr. 2<br \/>\nSinfonie Nr. 7<br \/>\nSinfonie Nr. 9<\/p>\n<p style=\"padding-left: 30px;\"><strong>A. Berg<\/strong><br \/>\nDrei St\u00fccke aus der Lyrischen Suite\u00a0f\u00fcr Streichorchester<\/p>\n<p style=\"padding-left: 30px;\"><strong>G. Bizet<\/strong><br \/>\nL&#8217;Arl\u00e9sienne Suite Nr. 2<\/p>\n<p style=\"padding-left: 30px;\"><strong>J. Brahms<\/strong><br \/>\nAkademische Festouvert\u00fcre op. 80<br \/>\nDoppelkonzert f\u00fcr Violine, Violoncello und Orchester op. 102<br \/>\nHaydn-Variationen<br \/>\nSinfonie Nr. 2<br \/>\nUngarische T\u00e4nze Nr. 5 &amp; 6<\/p>\n<p style=\"padding-left: 30px;\"><strong>B. Britten<\/strong><br \/>\nSimple Symphony<\/p>\n<p style=\"padding-left: 30px;\"><strong>A. Bruckner<\/strong><br \/>\nOuvert\u00fcre g-moll<\/p>\n<p style=\"padding-left: 30px;\"><strong>C. Debussy<\/strong><br \/>\nPr\u00e9lude \u00e0 l\u2019apr\u00e8s-midi d\u2019un faune<\/p>\n<p style=\"padding-left: 30px;\"><strong>A. Dvo\u0159\u00e1k<\/strong><br \/>\nKonzert f\u00fcr Violoncello und Orchester<br \/>\nSerenade f\u00fcr Streichorchester<\/p>\n<p style=\"padding-left: 30px;\"><strong>E. Elgar<\/strong><br \/>\nEnigma-Variationen<br \/>\nPomp and Circumstance Nr. 1<\/p>\n<p style=\"padding-left: 30px;\"><strong>C. Franck<\/strong><br \/>\nSymphonische Variationen f\u00fcr Klavier und Orchester<\/p>\n<p style=\"padding-left: 30px;\"><strong>R. Gli\u00e8re<\/strong><br \/>\nKonzert f\u00fcr Harfe und Orchester<\/p>\n<p style=\"padding-left: 30px;\"><strong>E. Grieg<\/strong><br \/>\nNorwegische T\u00e4nze op. 35 (Orch. H. Sitt)<br \/>\nPeer-Gynt-Suite Nr. 1<\/p>\n<p style=\"padding-left: 30px;\"><strong>F. A. Guilmant<\/strong><br \/>\nSinfonie Nr. 1 f\u00fcr Orgel und Orchester op. 42<\/p>\n<p style=\"padding-left: 30px;\"><strong>J. Haydn<\/strong><br \/>\nSinfonie Nr. 1<br \/>\nSinfonie Nr. 86<br \/>\nSinfonie Nr. 104<\/p>\n<p style=\"padding-left: 30px;\"><strong>J. Ibert<\/strong><br \/>\nBacchanale<br \/>\nLouisville &#8211; Concert<\/p>\n<p style=\"padding-left: 30px;\"><strong>W. Kienzl<\/strong><br \/>\n\u201eAbendstimmungen\u201c f\u00fcr Streichorchester und Harfe<\/p>\n<p style=\"padding-left: 30px;\"><strong>G. Mahler<\/strong><br \/>\nSinfonie Nr. 4 (Kammerfassung von A. Sch\u00f6nberg)<\/p>\n<p style=\"padding-left: 30px;\"><strong>F. Mendelssohn<\/strong><br \/>\nDie Hebriden<\/p>\n<p style=\"padding-left: 30px;\"><strong>W. A. Mozart<\/strong><br \/>\nKlarinettenkonzert A-Dur<br \/>\nOuvert\u00fcre zu &#8222;Il re pastore&#8220;<br \/>\nSinfonie Nr. 36 (\u201eLinzer\u201c)<br \/>\nSinfonie Nr. 39<br \/>\nSinfonie Nr. 40<br \/>\nSinfonie Nr. 41 (\u201eJupiter\u201c)<br \/>\nViolinkonzert A-Dur<\/p>\n<p style=\"padding-left: 30px;\"><strong>A. P\u00e4rt<\/strong><br \/>\nFratres (f\u00fcr Streichorchester und Schlagzeug)<br \/>\nOrient &#038; Occident (f\u00fcr Streichorchester)<\/p>\n<p style=\"padding-left: 30px;\"><strong>F. Poulenc<\/strong><br \/>\nKlavierkonzert cis-moll<\/p>\n<p style=\"padding-left: 30px;\"><strong>S. Prokofiew<\/strong><br \/>\nSuite aus \u201eDie Liebe zu den drei Orangen\u201c<br \/>\nSymphonie classique<\/p>\n<p style=\"padding-left: 30px;\"><strong>N. Rimsky-Korsakow<\/strong><br \/>\nSinfonietta \u00fcber russische Themen op. 31<\/p>\n<p style=\"padding-left: 30px;\"><strong>G. Rossini<\/strong><br \/>\n<u><em>Ouvert\u00fcren:<\/em><\/u><br \/>\nLa gazza ladra<br \/>\nGuillaume Tell<br \/>\nL&#8217;Italiana in Algeri<\/p>\n<p style=\"padding-left: 30px;\"><strong>C. Saint-Sa\u00ebns<\/strong><br \/>\nKonzert f\u00fcr Violoncello und Orchester Nr. 1 a-Moll op. 33<br \/>\nOdelette f\u00fcr Fl\u00f6te und Orchester op. 162<\/p>\n<p style=\"padding-left: 30px;\"><strong>K. Schmid<\/strong><br \/>\nWas morgen geschah (UA)<\/p>\n<p style=\"padding-left: 30px;\"><strong>F. Schreker<\/strong><br \/>\nDer Geburtstag der Infantin (Fassung f\u00fcr gro\u00dfes Orchester 1923)<\/p>\n<p style=\"padding-left: 30px;\"><strong>R. Schumann<\/strong><br \/>\nKonzert f\u00fcr Violoncello und Orchester<br \/>\nOuvert\u00fcre &#8222;Manfred&#8220; op. 115<\/p>\n<p style=\"padding-left: 30px;\"><strong>J. Sibelius<\/strong><br \/>\nValse triste op. 44 Nr. 1<br \/>\nSzene mit Kranichen op. 44 Nr. 2<\/p>\n<p style=\"padding-left: 30px;\"><strong>B. Smetana<\/strong><br \/>\nDie Moldau<\/p>\n<p style=\"padding-left: 30px;\"><strong>J. Strauss (Sohn)<\/strong><br \/>\n<u><em>Konzertwalzer:<\/em><\/u><br \/>\nAn der sch\u00f6nen blauen Donau<br \/>\nFr\u00fchlingsstimmen<br \/>\nGeschichten aus dem Wienerwald<br \/>\nK\u00fcnstlerleben<br \/>\nSeid umschlungen, Millionen!<br \/>\nWiener Bonbons<br \/>\nWo die Zitronen bl\u00fch&#8217;n<br \/>\n<u><em>Ouvert\u00fcren:<\/em><\/u><br \/>\nWaldmeister<br \/>\nDer Zigeunerbaron<\/p>\n<p style=\"padding-left: 30px;\"><strong>R. Strauss<\/strong><br \/>\nDon Juan<\/p>\n<p style=\"padding-left: 30px;\"><strong>I. Strawinski<\/strong><br \/>\nFeuervogel-Suite (1919)<\/p>\n<p style=\"padding-left: 30px;\"><strong>F. v. Supp\u00e8<\/strong><br \/>\n<u><em>Ouvert\u00fcren:<\/em><\/u><br \/>\nBanditenstreiche<br \/>\nDichter und Bauer<br \/>\nDie sch\u00f6ne Galath\u00e9e<br \/>\nPique Dame<\/p>\n<p style=\"padding-left: 30px;\"><strong>J. Tak\u00e1cs<\/strong><br \/>\nSinfonia breve op. 108<\/p>\n<p style=\"padding-left: 30px;\"><strong>P. Tschaikowski<\/strong><br \/>\nRokoko-Variationen f\u00fcr Violoncello und Orchester<br \/>\nRomeo und Julia (Fantasie-Ouvert\u00fcre)<br \/>\nSinfonie Nr. 4<\/p>\n<p style=\"padding-left: 30px;\"><strong>G. Verdi<\/strong><br \/>\nOuvert\u00fcre zu \u201eLa forza del destino\u201c<\/p>\n<p style=\"padding-left: 30px;\"><strong>C. M. v. Weber<\/strong><br \/>\nSinfonie Nr. 1<\/p>\n<p style=\"padding-left: 30px;\"><strong>A. Zemlinsky<\/strong><br \/>\nDie Seejungfrau<\/p>\n<p>&nbsp;<br \/>\n<a href=\"https:\/\/www.marcreibel.com\/?page_id=25\"><\/p>\n<h3><strong>Oper | Kinderoper | Operette<\/strong><\/h3>\n<p><\/a><br \/>\n&nbsp;<br \/>\n<a href=\"https:\/\/www.marcreibel.com\/?page_id=30\"><\/p>\n<h3><strong>Ballett | Musical<\/strong><\/h3>\n<p><\/a><br \/>\n&nbsp;<br \/>\n<a href=\"https:\/\/www.marcreibel.com\/\"><\/p>\n<h3><strong>Home<\/strong><\/h3>\n","protected":false},"excerpt":{"rendered":"<p>Foto \u00a9grox Diverses L. v. Beethoven Fantasie f\u00fcr Klavier, Orchester und Chor c-Moll op. 80 Musik zu Goethes Trauerspiel &#8222;Egmont&#8220; f\u00fcr Sopran, Sprecher und Orchester op. 84 J. Brahms Rhapsodie f\u00fcr eine Altstimme, M\u00e4nnerchor und Orchester op. 53 A. Bruckner<\/p>\n","protected":false},"author":1,"featured_media":0,"parent":8,"menu_order":30,"comment_status":"closed","ping_status":"closed","template":"","meta":{"_exactmetrics_skip_tracking":false,"_exactmetrics_sitenote_active":false,"_exactmetrics_sitenote_note":"","_exactmetrics_sitenote_category":0,"footnotes":""},"class_list":["post-32","page","type-page","status-publish","hentry"],"_links":{"self":[{"href":"https:\/\/www.marcreibel.com\/index.php?rest_route=\/wp\/v2\/pages\/32","targetHints":{"allow":["GET"]}}],"collection":[{"href":"https:\/\/www.marcreibel.com\/index.php?rest_route=\/wp\/v2\/pages"}],"about":[{"href":"https:\/\/www.marcreibel.com\/index.php?rest_route=\/wp\/v2\/types\/page"}],"author":[{"embeddable":true,"href":"https:\/\/www.marcreibel.com\/index.php?rest_route=\/wp\/v2\/users\/1"}],"replies":[{"embeddable":true,"href":"https:\/\/www.marcreibel.com\/index.php?rest_route=%2Fwp%2Fv2%2Fcomments&post=32"}],"version-history":[{"count":56,"href":"https:\/\/www.marcreibel.com\/index.php?rest_route=\/wp\/v2\/pages\/32\/revisions"}],"predecessor-version":[{"id":2059,"href":"https:\/\/www.marcreibel.com\/index.php?rest_route=\/wp\/v2\/pages\/32\/revisions\/2059"}],"up":[{"embeddable":true,"href":"https:\/\/www.marcreibel.com\/index.php?rest_route=\/wp\/v2\/pages\/8"}],"wp:attachment":[{"href":"https:\/\/www.marcreibel.com\/index.php?rest_route=%2Fwp%2Fv2%2Fmedia&parent=32"}],"curies":[{"name":"wp","href":"https:\/\/api.w.org\/{rel}","templated":true}]}}