{"id":469,"date":"2016-01-27T01:05:49","date_gmt":"2016-01-27T00:05:49","guid":{"rendered":"http:\/\/www.marcreibel.com\/?page_id=469"},"modified":"2024-04-01T04:19:59","modified_gmt":"2024-04-01T02:19:59","slug":"video-3","status":"publish","type":"page","link":"https:\/\/www.marcreibel.com\/?page_id=469","title":{"rendered":"Medien"},"content":{"rendered":"<h1>Audio<\/h1>\n<p>&nbsp;<\/p>\n<h3><strong>Where do I go from here<\/strong><\/h3>\n<audio class=\"wp-audio-shortcode\" id=\"audio-469-1\" preload=\"none\" style=\"width: 100%;\" controls=\"controls\"><source type=\"audio\/mpeg\" src=\"https:\/\/www.marcreibel.com\/wp-content\/uploads\/2017\/08\/Where-do-we-go-fertig.mp3?_=1\" \/><a href=\"https:\/\/www.marcreibel.com\/wp-content\/uploads\/2017\/08\/Where-do-we-go-fertig.mp3\">https:\/\/www.marcreibel.com\/wp-content\/uploads\/2017\/08\/Where-do-we-go-fertig.mp3<\/a><\/audio>\n<p>&nbsp;<\/p>\n<h3><strong>Soft Winds<\/strong><\/h3>\n<p><audio class=\"wp-audio-shortcode\" id=\"audio-469-2\" preload=\"none\" style=\"width: 100%;\" controls=\"controls\"><source type=\"audio\/mpeg\" src=\"https:\/\/www.marcreibel.com\/wp-content\/uploads\/2017\/08\/Soft-Winds-fertig.mp3?_=2\" \/><a href=\"https:\/\/www.marcreibel.com\/wp-content\/uploads\/2017\/08\/Soft-Winds-fertig.mp3\">https:\/\/www.marcreibel.com\/wp-content\/uploads\/2017\/08\/Soft-Winds-fertig.mp3<\/a><\/audio><br \/>\n<strong>Marc Reibel, Piano<br \/>\nChristian Steiner, Bass<br \/>\nEwald Zach, Drums<\/strong><br \/>\nlive recorded at &#8222;Swinging Chorus&#8220;, 2012, Landestheater Linz<br \/>\n&nbsp;<br \/>\n&nbsp;<\/p>\n<h1>Video<\/h1>\n<p>&nbsp;<\/p>\n<h3><strong>Joseph Haydn, Sinfonie Nr.1<\/strong><\/h3>\n<div style=\"width: 755px;\" class=\"wp-video\"><video class=\"wp-video-shortcode\" id=\"video-469-1\" width=\"755\" height=\"425\" preload=\"metadata\" controls=\"controls\"><source type=\"video\/mp4\" src=\"https:\/\/www.marcreibel.com\/wp-content\/uploads\/2017\/08\/haydn1-schnittfassung9.mp4?_=1\" \/><a href=\"https:\/\/www.marcreibel.com\/wp-content\/uploads\/2017\/08\/haydn1-schnittfassung9.mp4\">https:\/\/www.marcreibel.com\/wp-content\/uploads\/2017\/08\/haydn1-schnittfassung9.mp4<\/a><\/video><\/div>\n<p>&nbsp;<\/p>\n<h3><strong>Joseph Haydn, Sinfonie Nr.104<\/strong><\/h3>\n<div style=\"width: 755px;\" class=\"wp-video\"><video class=\"wp-video-shortcode\" id=\"video-469-2\" width=\"755\" height=\"425\" preload=\"metadata\" controls=\"controls\"><source type=\"video\/mp4\" src=\"https:\/\/www.marcreibel.com\/wp-content\/uploads\/2017\/08\/Haydn104-Schnittfassung-kurz-13.mp4?_=2\" \/><a href=\"https:\/\/www.marcreibel.com\/wp-content\/uploads\/2017\/08\/Haydn104-Schnittfassung-kurz-13.mp4\">https:\/\/www.marcreibel.com\/wp-content\/uploads\/2017\/08\/Haydn104-Schnittfassung-kurz-13.mp4<\/a><\/video><\/div>\n<p>&nbsp;<\/p>\n<h3><strong>Sergej Prokofiew, Sinfonie Nr.1 (&#8222;Symphonie classique&#8220;)<\/strong><\/h3>\n<div style=\"width: 755px;\" class=\"wp-video\"><video class=\"wp-video-shortcode\" id=\"video-469-3\" width=\"755\" height=\"425\" preload=\"metadata\" controls=\"controls\"><source type=\"video\/mp4\" src=\"https:\/\/www.marcreibel.com\/wp-content\/uploads\/2017\/08\/prokoview-schnittfassung9.mp4?_=3\" \/><a href=\"https:\/\/www.marcreibel.com\/wp-content\/uploads\/2017\/08\/prokoview-schnittfassung9.mp4\">https:\/\/www.marcreibel.com\/wp-content\/uploads\/2017\/08\/prokoview-schnittfassung9.mp4<\/a><\/video><\/div>\n<p><!-- Leerzeile --><br \/>\n<strong>Bruckner Orchester Linz<br \/>\nMarc Reibel, Dirigent und Cembalo (Haydn Nr.1)<\/strong><br \/>\nLive-Mitschnitt des Welser Abonnementkonzerts am 30. M\u00e4rz 2017<br \/>\n&nbsp;<\/p>\n<h3><strong>Windows To The East (Christian Wirth)<br \/>\nJohann Strauss Ensemble<br \/>\nMarc Reibel, Dirigent und Pianist<\/strong><\/h3>\n<p>Live-Mitschnitt vom 27. Mai 2018<br \/>\n<strong><a href=\"https:\/\/www.youtube.com\/watch?v=qDCZ0ba5Vsw&#038;feature=youtu.be\"target=\"blank\" rel=\"noopener noreferrer\">zum Video &#8211;><\/a><\/strong><\/p>\n<p>&nbsp;<\/p>\n<h3><strong>Festkonzert &#8222;100 Jahre Linzer Konzertverein&#8220;<br \/>\nJohannes Brahms: Alt-Rhapsodie op.53<br \/>\nIsabell Czarnecki, Mezzosopran<br \/>\nMarc Reibel, Dirigent<\/strong><\/h3>\n<p>Live-Mitschnitt vom 4. Dezember 2019 aus dem Brucknerhaus Linz<br \/>\n<strong><a href=\"https:\/\/www.youtube.com\/watch?v=uracMQUevc4\"target=\"blank\" rel=\"noopener noreferrer\">zum Video &#8211;><\/a><\/strong><\/p>\n<p>&nbsp;<\/p>\n<h3><strong>Adventkalender Landestheater Linz, 4. Dezember 2020<br \/>\nIlona Revolskaya, Sopran<br \/>\nMarc Reibel, Klavier &#038; Arrangement<\/strong><\/h3>\n<p><strong><a href=\"https:\/\/www.youtube.com\/watch?v=YSiwn9RyRdk\"target=\"blank\" rel=\"noopener noreferrer\">zum Video &#8211;><\/a><\/strong><\/p>\n<p>&nbsp;<br \/>\n<!-- \n\n<h3><strong><span style=\"color: #FF0000;\">***Neu***<\/span><\/strong><\/h3>\n\n --><\/p>\n<h3><strong>&#8222;Spring Has Sprung&#8220;<br \/>\nMaki Namekawa und Dennis Russell Davies spielten u.a. SAKURA II (Variationen \u00fcber das japanische Volkslied &#8222;Kirschbl\u00fcten&#8220;) f\u00fcr Klavier zu vier H\u00e4nden von Marc Reibel<br \/>\nSonntag, 21.03.2021 um 19 Uhr LIVE aus dem Ars Elecronica Center Linz<\/strong><\/h3>\n<p><strong><a href=\"https:\/\/www.youtube.com\/watch?v=fEkA-Ii_VHE\"target=\"blank\" rel=\"noopener noreferrer\">SAKURA II -><\/strong><br \/>\n<strong><a href=\"https:\/\/www.youtube.com\/watch?v=eqeFoBOVP1U&#038;list=PLKrmQr-thTw4t-4iqqWFUCG5U9AVPQM4D&#038;index=1\"target=\"blank\" rel=\"noopener noreferrer\">zum kompletten Konzert -><\/strong><br \/>\n<!-- &nbsp;\n<a href=\"https:\/\/www.youtube.com\/watch?v=NykRidUhGwI\" target=\"_blank\" rel=\"noopener noreferrer\">\n\n<h3><strong>Carmen Ouvert\u00fcre, Musiktheater Linz 2014<\/strong><\/h3>\n\n<\/a> --><br \/>\n&nbsp;<br \/>\n<a href=\"https:\/\/www.marcreibel.com\/\"><\/p>\n<h3><strong>Home<\/strong><\/h3>\n","protected":false},"excerpt":{"rendered":"<p>Audio &nbsp; Where do I go from here &nbsp; Soft Winds Marc Reibel, Piano Christian Steiner, Bass Ewald Zach, Drums live recorded at &#8222;Swinging Chorus&#8220;, 2012, Landestheater Linz &nbsp; &nbsp; Video &nbsp; Joseph Haydn, Sinfonie Nr.1 &nbsp; Joseph Haydn, Sinfonie<\/p>\n","protected":false},"author":2,"featured_media":0,"parent":0,"menu_order":45,"comment_status":"closed","ping_status":"closed","template":"","meta":{"_exactmetrics_skip_tracking":false,"_exactmetrics_sitenote_active":false,"_exactmetrics_sitenote_note":"","_exactmetrics_sitenote_category":0,"footnotes":""},"class_list":["post-469","page","type-page","status-publish","hentry"],"_links":{"self":[{"href":"https:\/\/www.marcreibel.com\/index.php?rest_route=\/wp\/v2\/pages\/469","targetHints":{"allow":["GET"]}}],"collection":[{"href":"https:\/\/www.marcreibel.com\/index.php?rest_route=\/wp\/v2\/pages"}],"about":[{"href":"https:\/\/www.marcreibel.com\/index.php?rest_route=\/wp\/v2\/types\/page"}],"author":[{"embeddable":true,"href":"https:\/\/www.marcreibel.com\/index.php?rest_route=\/wp\/v2\/users\/2"}],"replies":[{"embeddable":true,"href":"https:\/\/www.marcreibel.com\/index.php?rest_route=%2Fwp%2Fv2%2Fcomments&post=469"}],"version-history":[{"count":32,"href":"https:\/\/www.marcreibel.com\/index.php?rest_route=\/wp\/v2\/pages\/469\/revisions"}],"predecessor-version":[{"id":1879,"href":"https:\/\/www.marcreibel.com\/index.php?rest_route=\/wp\/v2\/pages\/469\/revisions\/1879"}],"wp:attachment":[{"href":"https:\/\/www.marcreibel.com\/index.php?rest_route=%2Fwp%2Fv2%2Fmedia&parent=469"}],"curies":[{"name":"wp","href":"https:\/\/api.w.org\/{rel}","templated":true}]}}