{"id":542,"date":"2016-07-21T17:44:38","date_gmt":"2016-07-21T15:44:38","guid":{"rendered":"http:\/\/www.marcreibel.com\/?page_id=542"},"modified":"2020-10-22T17:30:36","modified_gmt":"2020-10-22T15:30:36","slug":"impressum","status":"publish","type":"page","link":"https:\/\/www.marcreibel.com\/?page_id=542","title":{"rendered":"Impressum"},"content":{"rendered":"<p><em><strong>Medieninhaber:<\/strong><br \/>\nMarc Reibel<br \/>\nHagenstra\u00dfe 42<br \/>\n4040 Linz<br \/>\n\u00d6sterreich<br \/>\ninfo@marcreibel.com<\/p>\n<p><strong>Inhalte:<\/strong><br \/>\nS\u00e4mtliche Inhalte wurden sorgf\u00e4ltig gepr\u00fcft und es wird versucht, die bereitgestellten Informationen st\u00e4ndig auf neuestem Stand zu halten. Dessen ungeachtet \u00fcbernimmt der Medieninhaber keinerlei Gew\u00e4hr f\u00fcr die Aktualit\u00e4t, Richtigkeit, Korrektheit, Qualit\u00e4t oder Vollst\u00e4ndigkeit der bereitgestellten Inhalte dieser Website. Es kann daher keine Garantie daf\u00fcr \u00fcbernommen werden, dass alle Angaben zu jeder Zeit<br \/>\nvollst\u00e4ndig, richtig und in letzter Aktualit\u00e4t dargestellt sind.<br \/>\nHaftungsanspr\u00fcche gegen den Medieninhaber, die sich auf Sch\u00e4den materieller oder ideeller Art<br \/>\nbeziehen, die durch die Nutzung oder Nichtnutzung der dargebotenen Informationen bzw. durch<br \/>\ndie Nutzung fehlerhafter und unvollst\u00e4ndiger Informationen verursacht wurden, sind<br \/>\ngrunds\u00e4tzlich ausgeschlossen, sofern kein nachweislich vors\u00e4tzliches oder grob fahrl\u00e4ssiges<br \/>\nVerschulden seitens des Medieninhabers vorliegt.<br \/>\nDer Medieninhaber hat keinen Einfluss darauf, wie die hier angebotenen Informationen vom<br \/>\nNutzer verwendet, weitergegeben oder ver\u00e4ndert weitergegeben werden und kann daher f\u00fcr<br \/>\nentstandene Sch\u00e4den, entgangene Vorteile oder sonstige mittelbare oder unmittelbare Folgen,<br \/>\nwelche aus der Nutzung der hier angebotenen Informationen entstehen, nicht haftbar gemacht<br \/>\nwerden. Der Medieninhaber beh\u00e4lt sich ausdr\u00fccklich vor, Teile der Seiten oder den gesamten<br \/>\nInhalt ohne gesonderte Ank\u00fcndigung zu ver\u00e4ndern, erg\u00e4nzen, l\u00f6schen und zeitweise oder endg\u00fcltig<br \/>\neinzustellen.<\/p>\n<p><strong>Haftung f\u00fcr Links:<\/strong><br \/>\nDiese Website enth\u00e4lt Links zu externen Webseiten Dritter, auf deren Inhalte der Medieninhaber keinen Einfluss hat. Deshalb kann er f\u00fcr diese fremden Inhalte auch keine Gew\u00e4hr \u00fcbernehmen. F\u00fcr die Inhalte der verlinkten Seiten ist stets der jeweilige Anbieter oder Betreiber der Seiten verantwortlich. Die verlinkten Seiten wurden zum Zeitpunkt der Verlinkung auf m\u00f6gliche Rechtsverst\u00f6\u00dfe \u00fcberpr\u00fcft. Rechtswidrige Inhalte waren zum Zeitpunkt der Verlinkung nicht erkennbar. Eine permanente inhaltliche Kontrolle der verlinkten Seiten ist jedoch ohne konkrete Anhaltspunkte einer Rechtsverletzung nicht zumutbar. Bei Bekanntwerden von Rechtsverletzungen werden derartige Links umgehend entfernt.<\/p>\n<p><strong>Datenschutzerkl\u00e4rung:<\/strong><br \/>\nDiese Website benutzt Google Analytics, einen Webanalysedienst der Google Inc. (\u201eGoogle&#8220;). Google Analytics verwendet sog. \u201e<span class=\"mytool\"><a href=\"https:\/\/www.ithelps.at\/408-cookie\">Cookies<\/a><\/span>&#8222;, Textdateien, die auf Ihrem Computer gespeichert werden und die eine Analyse der Benutzung der Website durch Sie erm\u00f6glichen. Die durch den Cookie erzeugten Informationen \u00fcber Ihre Benutzung dieser Website (einschlie\u00dflich Ihrer <span class=\"mytool\"><a href=\"https:\/\/www.ithelps.at\/16-ip-adresse\">IP-Adresse<\/a><\/span>) wird an einen <span class=\"mytool\"><a href=\"https:\/\/www.ithelps.at\/10-server\">Server<\/a><\/span> von Google in den USA \u00fcbertragen und dort gespeichert. Google wird diese Informationen benutzen, um Ihre Nutzung der Website auszuwerten, um Reports \u00fcber die Websiteaktivit\u00e4ten f\u00fcr die Websitebetreiber zusammenzustellen und um weitere mit der Websitenutzung und der Internetnutzung verbundene Dienstleistungen zu erbringen. Auch wird Google diese Informationen gegebenenfalls an Dritte \u00fcbertragen, sofern dies gesetzlich vorgeschrieben oder soweit Dritte diese Daten im Auftrag von Google verarbeiten. Google wird in keinem Fall Ihre IP-Adresse mit anderen Daten von Google in Verbindung bringen. Sie k\u00f6nnen die Installation der Cookies durch eine entsprechende Einstellung Ihrer <span class=\"mytool\"><a href=\"https:\/\/www.ithelps.at\/35-browser\">Browser<\/a><\/span> <span class=\"mytool\"><a href=\"https:\/\/www.ithelps.at\/25-software\">Software<\/a><\/span> verhindern; es wird jedoch darauf hingewiesen, dass Sie in diesem Fall gegebenenfalls nicht s\u00e4mtliche Funktionen dieser Website vollumf\u00e4nglich nutzen k\u00f6nnen.<\/p>\n<p>Durch die Nutzung dieser Website erkl\u00e4ren Sie sich mit der Bearbeitung der \u00fcber Sie erhobenen Daten durch Google in der zuvor beschriebenen Art und Weise und zu dem zuvor benannten Zweck einverstanden. Der Datenerhebung und -speicherung kann jederzeit mit Wirkung f\u00fcr die Zukunft widersprochen werden. Angesichts der Diskussion um den Einsatz von Analysetools mit vollst\u00e4ndigen IP-Adressen wird darauf hinwgewiesen, dass diese Website Google Analytics mit der Erweiterung \u201e_anonymizeIp()&#8220; verwendet und daher IP-Adressen nur gek\u00fcrzt weiterverarbeitet werden, um eine direkte Personenbeziehbarkeit auszuschlie\u00dfen.<br \/>\n<\/em><\/p>\n<p>&nbsp;<br \/>\n<a href=\"https:\/\/www.marcreibel.com\/\"><\/p>\n<h3><strong>Home<\/strong><\/h3>\n","protected":false},"excerpt":{"rendered":"<p>Medieninhaber: Marc Reibel Hagenstra\u00dfe 42 4040 Linz \u00d6sterreich info@marcreibel.com Inhalte: S\u00e4mtliche Inhalte wurden sorgf\u00e4ltig gepr\u00fcft und es wird versucht, die bereitgestellten Informationen st\u00e4ndig auf neuestem Stand zu halten. Dessen ungeachtet \u00fcbernimmt der Medieninhaber keinerlei Gew\u00e4hr f\u00fcr die Aktualit\u00e4t, Richtigkeit, Korrektheit,<\/p>\n","protected":false},"author":2,"featured_media":0,"parent":518,"menu_order":70,"comment_status":"closed","ping_status":"closed","template":"","meta":{"_exactmetrics_skip_tracking":false,"_exactmetrics_sitenote_active":false,"_exactmetrics_sitenote_note":"","_exactmetrics_sitenote_category":0,"footnotes":""},"class_list":["post-542","page","type-page","status-publish","hentry"],"_links":{"self":[{"href":"https:\/\/www.marcreibel.com\/index.php?rest_route=\/wp\/v2\/pages\/542","targetHints":{"allow":["GET"]}}],"collection":[{"href":"https:\/\/www.marcreibel.com\/index.php?rest_route=\/wp\/v2\/pages"}],"about":[{"href":"https:\/\/www.marcreibel.com\/index.php?rest_route=\/wp\/v2\/types\/page"}],"author":[{"embeddable":true,"href":"https:\/\/www.marcreibel.com\/index.php?rest_route=\/wp\/v2\/users\/2"}],"replies":[{"embeddable":true,"href":"https:\/\/www.marcreibel.com\/index.php?rest_route=%2Fwp%2Fv2%2Fcomments&post=542"}],"version-history":[{"count":5,"href":"https:\/\/www.marcreibel.com\/index.php?rest_route=\/wp\/v2\/pages\/542\/revisions"}],"predecessor-version":[{"id":1032,"href":"https:\/\/www.marcreibel.com\/index.php?rest_route=\/wp\/v2\/pages\/542\/revisions\/1032"}],"up":[{"embeddable":true,"href":"https:\/\/www.marcreibel.com\/index.php?rest_route=\/wp\/v2\/pages\/518"}],"wp:attachment":[{"href":"https:\/\/www.marcreibel.com\/index.php?rest_route=%2Fwp%2Fv2%2Fmedia&parent=542"}],"curies":[{"name":"wp","href":"https:\/\/api.w.org\/{rel}","templated":true}]}}