{"id":6,"date":"2015-04-16T09:41:30","date_gmt":"2015-04-16T07:41:30","guid":{"rendered":"http:\/\/www.marcreibel.com\/?page_id=6"},"modified":"2025-12-29T14:10:39","modified_gmt":"2025-12-29T13:10:39","slug":"vita","status":"publish","type":"page","link":"https:\/\/www.marcreibel.com\/?page_id=6","title":{"rendered":"Vita"},"content":{"rendered":"<p><!--\n\n\n<h6><span style=\"display: inline-block; width: 0px; overflow: hidden; line-height: 0;\" data-mce-type=\"bookmark\" class=\"mce_SELRES_start\"><\/span><span style=\"display: inline-block; width: 0px; overflow: hidden; line-height: 0;\" data-mce-type=\"bookmark\" class=\"mce_SELRES_start\"><\/span><span style=\"display: inline-block; width: 0px; overflow: hidden; line-height: 0;\" data-mce-type=\"bookmark\" class=\"mce_SELRES_start\"><\/span><span style=\"display: inline-block; width: 0px; overflow: hidden; line-height: 0;\" data-mce-type=\"bookmark\" class=\"mce_SELRES_start\"><\/span><span style=\"display: inline-block; width: 0px; overflow: hidden; line-height: 0;\" data-mce-type=\"bookmark\" class=\"mce_SELRES_start\"><\/span><span style=\"display: inline-block; width: 0px; overflow: hidden; line-height: 0;\" data-mce-type=\"bookmark\" class=\"mce_SELRES_start\"><\/span><span style=\"display: inline-block; width: 0px; overflow: hidden; line-height: 0;\" data-mce-type=\"bookmark\" class=\"mce_SELRES_start\"><\/span><span style=\"display: inline-block; width: 0px; overflow: hidden; line-height: 0;\" data-mce-type=\"bookmark\" class=\"mce_SELRES_start\"><\/span><span class=\"actAsPara\" style=\"color: #3366ff;\"><a style=\"color: #3366ff;\" title=\"Vita\" href=\"https:\/\/www.marcreibel.com\/?page_id=6\">Vita | deutsche Version<\/a> \u00a0 \u00a0 \u00a0 <a style=\"color: #3366ff;\" title=\"Vita \u2013 english version\" href=\"https:\/\/www.marcreibel.com\/?page_id=12\">Vita | english version<\/a><\/span><\/h6>\n\n\n--><\/p>\n<p>Marc Reibel wurde 1973 in Speyer am Rhein geboren und wuchs in Ludwigshafen auf.<br \/>\nNach dem Abitur studierte er Klavier bei Prof. Barbara Fry und Dirigieren bei Prof. Thomas Ungar an den Staatlichen Musikhochschulen in Mannheim und Stuttgart. Er wurde als Pianist vielfach ausgezeichnet bei \u201eJugend musiziert\u201c und einigen Kammermusikwettbewerben und trat mehrfach als Solist verschiedener Orchester auf.<\/p>\n<p>Nach Abschluss seiner Studien wurde er zur Spielzeit 2001\/02 ans Landestheater Linz engagiert, zun\u00e4chst als Korrepetitor mit Dirigierverpflichtung, ab 2004\/05 als Kapellmeister. Au\u00dferdem oblag ihm die Studienleitung bis 2016\/17.<\/p>\n<p>Als Kapellmeister am Landestheater Linz hat er das gro\u00dfe Gl\u00fcck, st\u00e4ndig mit dem Bruckner Orchester Linz zusammenarbeiten zu k\u00f6nnen, einem der f\u00fchrenden Klangk\u00f6rper \u00d6sterreichs.<\/p>\n<p>Zu seinem dirigentischen Repertoire im Bereich Musiktheater geh\u00f6ren mittlerweile etwa 75 Opern, Operetten, Musicals und Ballette, darunter:<br \/>\n<strong>Der fliegende Holl\u00e4nder, Die Meistersinger von N\u00fcrnberg, Die Frau ohne Schatten, Salome,<\/strong> Le Proph\u00e8te, Pell\u00e9as et M\u00e9lisande, Rheingold, Carmen, Tosca, Madama Butterfly, Rigoletto, Un ballo in maschera, Il Trovatore, Lady Macbeth von Mzensk, Le nozze di Figaro, Hoffmanns Erz\u00e4hlungen, La Cenerentola, Gespr\u00e4che der Karmelitinnen\u2026;<br \/>\n<strong>Die Fledermaus, Wiener Blut, Paganini,<\/strong> Eine Nacht in Venedig, Das Land des L\u00e4chelns, Gr\u00e4fin Mariza\u2026;<br \/>\n<strong>West Side Story,<\/strong> <strong>My Fair Lady<\/strong>, La Cage aux Folles, Hello Dolly&#8230;;<br \/>\n<strong>Romeo und Julia,<\/strong> <strong>Schwanensee<\/strong>, <strong>Dornr\u00f6schen, Marie Antoinette (UA), <\/strong>Cinderella, Der Nussknacker, \u2026 und zahlreiche mehr.<br \/>\n<a href=\"https:\/\/www.marcreibel.com\/?page_id=8\"><strong>Repertoire<\/strong><\/a><\/p>\n<p>Bei vielen dieser Produktionen arbeitete er eng mit den Chefdirigenten Dennis Russell Davies und Markus Poschner zusammen.<\/p>\n<p>Gemeinsam mit dem Bruckner Orchester Linz blickt er auf eine beachtliche Serie von Konzerten zur\u00fcck, wovon das Voestival 2004, ein Jeunesse-Konzert im Konzerthaus Wien, das Gradus ad Parnassum-Abschlusskonzert 2009, das Er\u00f6ffnungskonzert des internationalen Brucknerfestes 2012 im Linzer Brucknerhaus und mehrere Sinfoniekonzerte in Ober\u00f6sterreich (Waizenkirchen, Reichenthal, Wels\u2026) einige H\u00f6hepunkte bilden.<\/p>\n<p>Dar\u00fcber hinaus arbeitete er bisher mit der Staatsphilharmonie N\u00fcrnberg, den Stuttgarter Philharmonikern, der W\u00fcrttembergischen Philharmonie Reutlingen, dem Philharmonischen Orchester Gy\u00f6r, der Philharmonie Baden-Baden und den Bad Reichenhaller Philharmonikern.<\/p>\n<p>Konzertreisen und Gastengagements f\u00fchrten ihn in die Schweiz, nach Deutschland, Italien, Frankreich, Ungarn und Japan, wo er in Nagoya mehrmals Beethovens 9. Sinfonie dirigierte.<\/p>\n<p>Seit seiner Jugend sind unterschiedliche Musikrichtungen Bestandteil seiner breitgef\u00e4cherten musikalischen Pers\u00f6nlichkeit, vor allem dem Jazz gilt seine ungebrochene Leidenschaft. In diesem Zusammenhang entstanden auch kleinere Kompositionen und Bearbeitungen. Bis heute spielt er in den verschiedensten Formationen Klavier auch bei offiziellen Anl\u00e4ssen.<br \/>\n<a href=\"https:\/\/www.marcreibel.com\/?page_id=469\"><strong>Medien<\/strong><\/a><\/p>\n<p>Einen gro\u00dfen Raum in seinem Wirken als Dirigent, aber insbesondere auch als Pianist, nimmt der Bereich der Musikvermittlung f\u00fcr Kinder und Jugendliche ein. Er dirigiert regelm\u00e4\u00dfig Orchesterkonzerte im Rahmen der Move.On Reihe des BOL. Als Pianist arbeitet er bei vielen Programmen mit Albert Landertinger zusammen: in Linz, verschiedenen Orten in Ober\u00f6sterreich bis hin zu regelm\u00e4\u00dfigen Konzerten im Wiener Musikverein.<\/p>\n<p>Eine enge Verbundenheit besteht seit 2015 mit dem Linzer Konzertverein, bei dem er bisher f\u00fcnf Konzerte dirigierte, darunter 2019 auch das Jubil\u00e4umskonzert zum 100-j\u00e4hrigen Bestehen.<\/p>\n<p>Im September 2016 wurde seine 20 Jahre zuvor entstandene stil\u00fcbergreifende Komposition \u201eRendez-vous avec Claude\u201c beim Ars Electronica Festival aufgef\u00fchrt, mit Marc Reibel als Solist am Klavier. Es spielte das Bruckner Orchester Linz unter der Leitung von Dennis Russell Davies.<\/p>\n<p>Im M\u00e4rz 2017 leitete er das Galakonzert Love.Respect.Conchita mit Conchita Wurst und dem Bruckner Orchester Linz &#8211; nur eines von zahlreichen Crossover-Projekten.<\/p>\n<p>Gro\u00dfe Erfolge konnte er in der Spielzeit 2017\/18 mit Dirigaten von Richard Strauss\u2018 \u201eFrau ohne Schatten\u201c sowie 2022\/23 mit Richard Wagners \u201eDie Meistersinger von N\u00fcrnberg\u201c am Linzer Musiktheater feiern.<\/p>\n<p>Internationale Beachtung fand die Urauff\u00fchrung von Walter Haupts Ballett \u201eMarie Antoinette\u201c in der Spielzeit 2018\/19.<\/p>\n<p>Mediales Interesse erregte die Urauff\u00fchrung der Neufassung von Eela Craigs \u201eMissa Universalis\u201c im M\u00e4rz 2020 im Brucknerhaus, welche sp\u00e4ter vom ORF III ausgestrahlt wurde.<\/p>\n<p>Ebenfalls im ORF III wurden Gesamtmitschnitte seiner Operetteneinstudierungen am Linzer Musiktheater \u201eWiener Blut\u201c, \u201ePaganini\u201c, \u201eDie Fledermaus\u201c, \u201eGr\u00e4fin Mariza\u201c und \u201eDer Graf von Luxemburg\u201c gesendet. Letzteres erhielt den \u00d6sterreichischen Musiktheaterpreis 2023 f\u00fcr die beste Gesamtproduktion in der Sparte Operette.<\/p>\n<p>Au\u00dferdem verfilmt wurde das Ballett &#8222;Dornr\u00f6schen&#8220; 2024 f\u00fcr mezzo-TV.<\/p>\n<p>Marc Reibel befindet sich nun in seiner 25. Spielzeit am Landestheater Linz und n\u00e4hert sich der 1000. Vorstellung als Dirigent an diesem Haus.<\/p>\n<p style=\"text-align: center;\"><img loading=\"lazy\" decoding=\"async\" class=\"aligncenter wp-image-97 size-full\" src=\"https:\/\/www.marcreibel.com\/wp-content\/uploads\/2016\/12\/IMG_0027.jpg\" alt=\"Marc Reibel\" width=\"683\" height=\"1024\" \/><\/p>\n<p><small>Foto \u00a9Csaba Gr\u00fcnfelder<\/small><\/p>\n<p>&nbsp;<\/p>\n<h3><strong>Home<\/strong><\/h3>\n","protected":false},"excerpt":{"rendered":"<p>Marc Reibel wurde 1973 in Speyer am Rhein geboren und wuchs in Ludwigshafen auf. Nach dem Abitur studierte er Klavier bei Prof. Barbara Fry und Dirigieren bei Prof. Thomas Ungar an den Staatlichen Musikhochschulen in Mannheim und Stuttgart. Er wurde<\/p>\n","protected":false},"author":1,"featured_media":0,"parent":0,"menu_order":30,"comment_status":"closed","ping_status":"closed","template":"","meta":{"_exactmetrics_skip_tracking":false,"_exactmetrics_sitenote_active":false,"_exactmetrics_sitenote_note":"","_exactmetrics_sitenote_category":0,"footnotes":""},"class_list":["post-6","page","type-page","status-publish","hentry"],"_links":{"self":[{"href":"https:\/\/www.marcreibel.com\/index.php?rest_route=\/wp\/v2\/pages\/6","targetHints":{"allow":["GET"]}}],"collection":[{"href":"https:\/\/www.marcreibel.com\/index.php?rest_route=\/wp\/v2\/pages"}],"about":[{"href":"https:\/\/www.marcreibel.com\/index.php?rest_route=\/wp\/v2\/types\/page"}],"author":[{"embeddable":true,"href":"https:\/\/www.marcreibel.com\/index.php?rest_route=\/wp\/v2\/users\/1"}],"replies":[{"embeddable":true,"href":"https:\/\/www.marcreibel.com\/index.php?rest_route=%2Fwp%2Fv2%2Fcomments&post=6"}],"version-history":[{"count":51,"href":"https:\/\/www.marcreibel.com\/index.php?rest_route=\/wp\/v2\/pages\/6\/revisions"}],"predecessor-version":[{"id":2094,"href":"https:\/\/www.marcreibel.com\/index.php?rest_route=\/wp\/v2\/pages\/6\/revisions\/2094"}],"wp:attachment":[{"href":"https:\/\/www.marcreibel.com\/index.php?rest_route=%2Fwp%2Fv2%2Fmedia&parent=6"}],"curies":[{"name":"wp","href":"https:\/\/api.w.org\/{rel}","templated":true}]}}