{"id":8,"date":"2015-04-16T09:41:44","date_gmt":"2015-04-16T07:41:44","guid":{"rendered":"http:\/\/www.marcreibel.com\/?page_id=8"},"modified":"2018-08-15T01:30:16","modified_gmt":"2018-08-14T23:30:16","slug":"repertoire","status":"publish","type":"page","link":"https:\/\/www.marcreibel.com\/?page_id=8","title":{"rendered":"Repertoire"},"content":{"rendered":"<h3><strong>Bitte w\u00e4hlen Sie aus folgenden Kategorien aus:<\/strong><\/h3>\n<p>&nbsp;<\/p>\n<h2><a title=\"Oper | Kinderoper\" href=\"https:\/\/www.marcreibel.com\/?page_id=25\"><strong>Oper | Kinderoper | Operette<\/strong><\/a><\/h2>\n<p>&nbsp;<\/p>\n<h2><strong><a title=\"Ballett | Musical\" href=\"https:\/\/www.marcreibel.com\/?page_id=30\">Ballett | Musical<\/a><\/strong><\/h2>\n<p>&nbsp;<\/p>\n<h2><strong><a title=\"Diverses | Konzerte | Symphonisches\" href=\"https:\/\/www.marcreibel.com\/?page_id=32\">Diverses | Konzerte | Symphonisches<\/a><\/strong><\/h2>\n<p>&nbsp;<br \/>\n&nbsp;<br \/>\n<strong>Alle angef\u00fchrten Werke wurden vollst\u00e4ndig in Auff\u00fchrungen dirigiert.<\/strong><\/p>\n","protected":false},"excerpt":{"rendered":"<p>Bitte w\u00e4hlen Sie aus folgenden Kategorien aus: &nbsp; Oper | Kinderoper | Operette &nbsp; Ballett | Musical &nbsp; Diverses | Konzerte | Symphonisches &nbsp; &nbsp; Alle angef\u00fchrten Werke wurden vollst\u00e4ndig in Auff\u00fchrungen dirigiert.<\/p>\n","protected":false},"author":1,"featured_media":0,"parent":0,"menu_order":40,"comment_status":"closed","ping_status":"closed","template":"","meta":{"_exactmetrics_skip_tracking":false,"_exactmetrics_sitenote_active":false,"_exactmetrics_sitenote_note":"","_exactmetrics_sitenote_category":0,"footnotes":""},"class_list":["post-8","page","type-page","status-publish","hentry"],"_links":{"self":[{"href":"https:\/\/www.marcreibel.com\/index.php?rest_route=\/wp\/v2\/pages\/8","targetHints":{"allow":["GET"]}}],"collection":[{"href":"https:\/\/www.marcreibel.com\/index.php?rest_route=\/wp\/v2\/pages"}],"about":[{"href":"https:\/\/www.marcreibel.com\/index.php?rest_route=\/wp\/v2\/types\/page"}],"author":[{"embeddable":true,"href":"https:\/\/www.marcreibel.com\/index.php?rest_route=\/wp\/v2\/users\/1"}],"replies":[{"embeddable":true,"href":"https:\/\/www.marcreibel.com\/index.php?rest_route=%2Fwp%2Fv2%2Fcomments&post=8"}],"version-history":[{"count":15,"href":"https:\/\/www.marcreibel.com\/index.php?rest_route=\/wp\/v2\/pages\/8\/revisions"}],"predecessor-version":[{"id":999,"href":"https:\/\/www.marcreibel.com\/index.php?rest_route=\/wp\/v2\/pages\/8\/revisions\/999"}],"wp:attachment":[{"href":"https:\/\/www.marcreibel.com\/index.php?rest_route=%2Fwp%2Fv2%2Fmedia&parent=8"}],"curies":[{"name":"wp","href":"https:\/\/api.w.org\/{rel}","templated":true}]}}